{"id":70,"date":"2013-05-22T21:29:49","date_gmt":"2013-05-22T21:29:49","guid":{"rendered":"http:\/\/palaestra.mimochodem.info\/?page_id=70"},"modified":"2025-11-07T15:42:33","modified_gmt":"2025-11-07T14:42:33","slug":"sponzori","status":"publish","type":"page","link":"https:\/\/palaestra.ecn.cz\/?page_id=70","title":{"rendered":"Sponzo\u0159i"},"content":{"rendered":"<p><strong>2025<\/strong><\/p>\n<ul>\n<li><strong>Jerico (<a href=\"https:\/\/jerico.cz\/\">https:\/\/jerico.cz\/<\/a>)<br \/>\n<a href=\"https:\/\/jerico.cz\/\"><img decoding=\"async\" loading=\"lazy\" class=\"alignnone size-thumbnail wp-image-823\" src=\"http:\/\/palaestra.ecn.cz\/wp-content\/uploads\/logo_jerico_negativni-150x150.png\" alt=\"\" width=\"150\" height=\"150\" \/><\/a><br \/>\n<\/strong><\/li>\n<li><strong>M\u011bstsk\u00e1 \u010d\u00e1st Praha 2<\/strong><\/li>\n<li><strong>M\u0160MT<\/strong><\/li>\n<li><strong>MHMP<\/strong><\/li>\n<\/ul>\n<p style=\"padding-left: 40px;\"><a href=\"https:\/\/palaestra.ecn.cz\/?attachment_id=833\" rel=\"attachment wp-att-833\"><img decoding=\"async\" loading=\"lazy\" class=\"alignnone  wp-image-833\" src=\"http:\/\/palaestra.ecn.cz\/wp-content\/uploads\/Logo_MHMP.jpg\" alt=\"\" width=\"150\" height=\"150\" srcset=\"https:\/\/palaestra.ecn.cz\/wp-content\/uploads\/Logo_MHMP.jpg 567w, https:\/\/palaestra.ecn.cz\/wp-content\/uploads\/Logo_MHMP-300x300.jpg 300w, https:\/\/palaestra.ecn.cz\/wp-content\/uploads\/Logo_MHMP-150x150.jpg 150w\" sizes=\"(max-width: 150px) 100vw, 150px\" \/><\/a><\/p>\n<p><strong>2024<\/strong><\/p>\n<ul>\n<li><strong>Jerico (<a href=\"https:\/\/jerico.cz\/\">https:\/\/jerico.cz\/<\/a>)<br \/>\n<a href=\"https:\/\/jerico.cz\/\"><img decoding=\"async\" loading=\"lazy\" class=\"alignnone  wp-image-823\" src=\"http:\/\/palaestra.ecn.cz\/wp-content\/uploads\/logo_jerico_negativni-150x150.png\" alt=\"\" width=\"150\" height=\"150\" \/><\/a><br \/>\n<\/strong><\/li>\n<li><strong>M\u011bstsk\u00e1 \u010d\u00e1st Praha 2<\/strong><\/li>\n<li><strong>M\u0160MT<\/strong><\/li>\n<li><strong>MHMP<\/strong><\/li>\n<\/ul>\n<p style=\"padding-left: 40px;\"><a href=\"https:\/\/palaestra.ecn.cz\/?attachment_id=833\" rel=\"attachment wp-att-833\"><img decoding=\"async\" loading=\"lazy\" class=\"alignnone  wp-image-833\" src=\"http:\/\/palaestra.ecn.cz\/wp-content\/uploads\/Logo_MHMP.jpg\" alt=\"\" width=\"150\" height=\"150\" srcset=\"https:\/\/palaestra.ecn.cz\/wp-content\/uploads\/Logo_MHMP.jpg 567w, https:\/\/palaestra.ecn.cz\/wp-content\/uploads\/Logo_MHMP-300x300.jpg 300w, https:\/\/palaestra.ecn.cz\/wp-content\/uploads\/Logo_MHMP-150x150.jpg 150w\" sizes=\"(max-width: 150px) 100vw, 150px\" \/><\/a><\/p>\n<p><strong>2023<\/strong><\/p>\n<ul>\n<li><strong>M\u011bstsk\u00e1 \u010d\u00e1st Praha 2<\/strong><\/li>\n<\/ul>\n<p><strong>2022<\/strong><\/p>\n<ul>\n<li><b>Pra\u017esk\u00e1 energetika, a. s.<\/b>\n<ul>\n<li style=\"list-style-type: none;\"><a href=\"https:\/\/www.pre.cz\/cs\/domacnosti\/\"><img decoding=\"async\" src=\"http:\/\/palaestra.ecn.cz\/wp-content\/uploads\/logo-pre.jpg\" alt=\"\" width=\"\" height=\"\" \/><\/a><\/li>\n<li>M\u010c Praha 2<\/li>\n<li>Ministerstvo \u0161kolstv\u00ed a ml\u00e1de\u017ee<\/li>\n<\/ul>\n<\/li>\n<\/ul>\n<p><strong>2021<\/strong><\/p>\n<ul>\n<li style=\"list-style-type: none;\">\n<ul>\n<li><strong>Ministerstvo \u0161kolstv\u00ed, ml\u00e1de\u017ee a t\u011blov\u00fdchovy \u010cR<\/strong><\/li>\n<li><strong>M\u011bstsk\u00e1 \u010d\u00e1st Praha 2<\/strong><\/li>\n<li><strong>Insportline<\/strong><\/li>\n<\/ul>\n<\/li>\n<\/ul>\n<p><strong>2020<\/strong><\/p>\n<ul>\n<li style=\"list-style-type: none;\">\n<ul>\n<li><strong>Ministerstvo \u0161kolstv\u00ed, ml\u00e1de\u017ee a t\u011blov\u00fdchovy \u010cR<\/strong><\/li>\n<li><strong>M\u011bstsk\u00e1 \u010d\u00e1st Praha 2<\/strong><\/li>\n<li><strong>Hestia, ob\u010dansk\u00e9 sdru\u017een\u00ed<\/strong><\/li>\n<li><strong>Insportline<\/strong><\/li>\n<li><b>Pra\u017esk\u00e1 energetika, a. s.<\/b><\/li>\n<\/ul>\n<\/li>\n<\/ul>\n<p><a href=\"https:\/\/www.pre.cz\/cs\/domacnosti\/\"><img decoding=\"async\" src=\"http:\/\/palaestra.ecn.cz\/wp-content\/uploads\/logo-pre.jpg\" alt=\"\" width=\"\" height=\"\" \/><\/a><\/p>\n<p>&nbsp;<\/p>\n<p><strong>2019<\/strong><\/p>\n<ul>\n<li style=\"list-style-type: none;\">\n<ul>\n<li><strong>Ministerstvo \u0161kolstv\u00ed, ml\u00e1de\u017ee a t\u011blov\u00fdchovy \u010cR<\/strong><\/li>\n<li><strong>M\u011bstsk\u00e1 \u010d\u00e1st Praha 2<\/strong><\/li>\n<li><strong>Hestia, ob\u010dansk\u00e9 sdru\u017een\u00ed<\/strong><\/li>\n<li><strong>Insportline<\/strong><\/li>\n<li><b>Pra\u017esk\u00e1 energetika, a. s.<\/b><\/li>\n<\/ul>\n<\/li>\n<\/ul>\n<p><a href=\"https:\/\/www.pre.cz\/cs\/domacnosti\/\"><img decoding=\"async\" src=\"http:\/\/palaestra.ecn.cz\/wp-content\/uploads\/logo-pre.jpg\" alt=\"\" width=\"\" height=\"\" \/><\/a><\/p>\n<p>&nbsp;<\/p>\n<p><strong>2018<\/strong><\/p>\n<ul>\n<li style=\"list-style-type: none;\">\n<ul>\n<li><strong>\u00da\u0159ad vl\u00e1dy \u010cR<\/strong><\/li>\n<li><strong>M\u011bstsk\u00e1 \u010d\u00e1st Praha 2<\/strong><\/li>\n<li><strong>Hestia, ob\u010dansk\u00e9 sdru\u017een\u00ed<\/strong><\/li>\n<li><strong>Insportline<\/strong><\/li>\n<li><b>Pra\u017esk\u00e1 energetika, a. s.<\/b><\/li>\n<\/ul>\n<\/li>\n<\/ul>\n<p><a href=\"https:\/\/www.pre.cz\/cs\/domacnosti\/\"><img decoding=\"async\" src=\"http:\/\/palaestra.ecn.cz\/wp-content\/uploads\/logo-pre.jpg\" alt=\"\" width=\"\" height=\"\" \/><\/a><\/p>\n<p>&nbsp;<\/p>\n<p><strong>2017<\/strong><\/p>\n<ul>\n<li style=\"list-style-type: none;\">\n<ul>\n<li><strong>\u00da\u0159ad vl\u00e1dy \u010cR<\/strong><\/li>\n<li><strong>M\u011bstsk\u00e1 \u010d\u00e1st Praha 2<\/strong><\/li>\n<li><strong>Hestia, ob\u010dansk\u00e9 sdru\u017een\u00ed<\/strong><\/li>\n<li><strong>Insportline<\/strong><\/li>\n<li><b>Pra\u017esk\u00e1 energetika, a. s.<\/b><\/li>\n<\/ul>\n<\/li>\n<\/ul>\n<p><a href=\"https:\/\/www.pre.cz\/cs\/domacnosti\/\"><img decoding=\"async\" src=\"http:\/\/palaestra.ecn.cz\/wp-content\/uploads\/logo-pre.jpg\" alt=\"\" width=\"\" height=\"\" \/><\/a><\/p>\n<p>&nbsp;<\/p>\n<p><strong>2016<\/strong><\/p>\n<ul>\n<li style=\"list-style-type: none;\">\n<ul>\n<li><strong>\u00da\u0159ad vl\u00e1dy \u010cR<\/strong><\/li>\n<li><strong>M\u011bstsk\u00e1 \u010d\u00e1st Praha 2<\/strong><\/li>\n<li><strong>Hestia, ob\u010dansk\u00e9 sdru\u017een\u00ed<\/strong><\/li>\n<li><strong>Insportline<\/strong><\/li>\n<li><b>Pra\u017esk\u00e1 energetika, a. s.<\/b><\/li>\n<\/ul>\n<\/li>\n<\/ul>\n<p><a href=\"https:\/\/www.pre.cz\/cs\/domacnosti\/\"><img decoding=\"async\" src=\"http:\/\/palaestra.ecn.cz\/wp-content\/uploads\/logo-pre.jpg\" alt=\"\" width=\"\" height=\"\" \/><\/a><\/p>\n<p>&nbsp;<\/p>\n<p><strong>2015<\/strong><\/p>\n<ul>\n<li><strong>\u00da\u0159ad vl\u00e1dy \u010cR<\/strong><\/li>\n<li><strong>M\u011bstsk\u00e1 \u010d\u00e1st Praha 2<\/strong><\/li>\n<li><strong>M\u0160MT<\/strong><\/li>\n<li><strong>Nada\u010dn\u00ed fond Albert<\/strong><\/li>\n<li><strong>Hestia, ob\u010dansk\u00e9 sdru\u017een\u00ed<\/strong><\/li>\n<li><strong>Insportline<\/strong><\/li>\n<\/ul>\n<p><b><img decoding=\"async\" loading=\"lazy\" src=\"http:\/\/www.palaestra.ecn.cz\/stare\/obrazy\/logo-insport.jpg\" alt=\"\" width=\"313\" height=\"59\" border=\"0\" \/><\/b><\/p>\n<p><strong>2014<\/strong><\/p>\n<ul>\n<li><strong>\u00da\u0159ad vl\u00e1dy \u010cR<\/strong><\/li>\n<li><strong>M\u011bstsk\u00e1 \u010d\u00e1st Praha 2<\/strong><\/li>\n<li><strong>M\u0160MT<\/strong><\/li>\n<li><strong>Magistr\u00e1t hlavn\u00edho m\u011bsta Prahy<\/strong><\/li>\n<li><strong>Nada\u010dn\u00ed fond Albert<\/strong><\/li>\n<li><strong>Hestia, ob\u010dansk\u00e9 sdru\u017een\u00ed<\/strong><\/li>\n<li><strong>Pra\u017esk\u00e1 plyn\u00e1rensk\u00e1, a. s.<\/strong><\/li>\n<li><strong>Insportline<\/strong><\/li>\n<\/ul>\n<p><a href=\"http:\/\/www.ppas.cz\/\" target=\"_blank\" rel=\"noopener\"> <img decoding=\"async\" src=\"http:\/\/www.palaestra.ecn.cz\/stare\/obrazy\/plynarenska-logo.jpg\" alt=\"\" border=\"0\" \/><\/a><\/p>\n<p><b><img decoding=\"async\" loading=\"lazy\" src=\"http:\/\/www.palaestra.ecn.cz\/stare\/obrazy\/logo-insport.jpg\" alt=\"\" width=\"313\" height=\"59\" border=\"0\" \/><\/b><\/p>\n<p><strong>2013<\/strong><\/p>\n<ul>\n<li><strong>\u00da\u0159ad vl\u00e1dy \u010cR<\/strong><\/li>\n<li><strong>M\u011bstsk\u00e1 \u010d\u00e1st Praha 2<\/strong><\/li>\n<li><strong>Magistr\u00e1t hlavn\u00edho m\u011bsta Prahy<\/strong><\/li>\n<li><strong>Nada\u010dn\u00ed fond Albert<\/strong><\/li>\n<li><strong>Pra\u017esk\u00e1 plyn\u00e1rensk\u00e1, a. s.<\/strong><\/li>\n<\/ul>\n<p><span style=\"color: #000000;\"> <a href=\"http:\/\/www.ppas.cz\/\" target=\"_blank\" rel=\"noopener\"><span style=\"color: #000000;\"> <img decoding=\"async\" src=\"http:\/\/www.palaestra.ecn.cz\/stare\/obrazy\/plynarenska-logo.jpg\" alt=\"\" border=\"0\" \/><\/span><\/a><\/span><\/p>\n<ul>\n<li><strong>InSPORTline<\/strong><\/li>\n<\/ul>\n<p><span style=\"color: #000000;\"><b><span style=\"font-family: Verdana; font-size: small;\"><img decoding=\"async\" loading=\"lazy\" src=\"http:\/\/www.palaestra.ecn.cz\/stare\/obrazy\/logo-insport.jpg\" alt=\"\" width=\"313\" height=\"59\" border=\"0\" \/><\/span><\/b><\/span><\/p>\n<p><span style=\"color: #000000;\"><span style=\"font-family: Verdana;\"><b>20<\/b><\/span><b><span style=\"font-family: Verdana;\">12<\/span><\/b><\/span><\/p>\n<ul>\n<li><span style=\"color: #000000;\"><b><span style=\"font-family: Verdana; font-size: small;\">\u00da\u0159ad vl\u00e1dy \u010cR<\/span><\/b><\/span><\/li>\n<li><span style=\"color: #000000;\"><b><span style=\"font-family: Verdana; font-size: small;\">Ministerstvo \u0161kolstv\u00ed, ml\u00e1de\u017ee a t\u011blov\u00fdchovy<\/span><\/b><\/span><\/li>\n<li><span style=\"color: #000000; font-family: Verdana; font-size: small;\"><b>M\u011bstsk\u00e1 \u010d\u00e1st Prahy 2<\/b><\/span><\/li>\n<li><span style=\"color: #000000;\"><b><span style=\"font-family: Verdana; font-size: small;\">Magistr\u00e1t hlavn\u00edho m\u011bsta Prahy<\/span><\/b><\/span><\/li>\n<li><span style=\"color: #000000;\"><b><span style=\"font-family: Verdana; font-size: small;\">Pra\u017esk\u00e1 plyn\u00e1rensk\u00e1, a. s.<\/span><\/b><\/span><br \/>\n<span style=\"color: #000000;\"> <a href=\"http:\/\/www.ppas.cz\/\" target=\"_blank\" rel=\"noopener\"><span style=\"color: #000000;\"> <img decoding=\"async\" src=\"http:\/\/www.palaestra.ecn.cz\/stare\/obrazy\/plynarenska-logo.jpg\" alt=\"\" border=\"0\" \/><\/span><\/a><\/span><\/li>\n<\/ul>\n<ul>\n<li><span style=\"color: #000000;\"><b><span style=\"font-family: Verdana; font-size: small;\">InSPORTline<br \/>\n<img decoding=\"async\" loading=\"lazy\" src=\"http:\/\/www.palaestra.ecn.cz\/stare\/obrazy\/logo-insport.jpg\" alt=\"\" width=\"313\" height=\"59\" border=\"0\" \/><\/span><\/b><\/span><\/li>\n<\/ul>\n<p><span style=\"color: #000000;\"><span style=\"font-family: Verdana;\"><b>20<\/b><\/span><b><span style=\"font-family: Verdana;\">11<\/span><\/b><\/span><\/p>\n<ul>\n<li><span style=\"color: #000000;\"><b><span style=\"font-family: Verdana; font-size: small;\">\u00da\u0159ad vl\u00e1dy \u010cR<\/span><\/b><\/span><\/li>\n<li><span style=\"color: #000000;\"><b><span style=\"font-family: Verdana; font-size: small;\">Pra\u017esk\u00e1 plyn\u00e1rensk\u00e1, a. s.<\/span><\/b><\/span><br \/>\n<span style=\"color: #000000;\"> <a href=\"http:\/\/www.ppas.cz\/\" target=\"_blank\" rel=\"noopener\"><span style=\"color: #000000;\"> <img decoding=\"async\" src=\"http:\/\/www.palaestra.ecn.cz\/stare\/obrazy\/plynarenska-logo.jpg\" alt=\"\" border=\"0\" \/><\/span><\/a><\/span><\/li>\n<\/ul>\n<ul>\n<li><span style=\"color: #000000; font-family: Verdana; font-size: small;\"><b>M\u011bstsk\u00e1 \u010d\u00e1st Prahy 2<\/b><\/span><\/li>\n<li><span style=\"color: #000000;\"><b><span style=\"font-family: Verdana; font-size: small;\">Magistr\u00e1t hlavn\u00edho m\u011bsta Prahy<\/span><\/b><\/span><\/li>\n<li><span style=\"color: #000000;\"><b><span style=\"font-family: Verdana; font-size: small;\">Hestia, ob\u010dansk\u00e9 sdru\u017een\u00ed<\/span><\/b><\/span><\/li>\n<li><span style=\"color: #000000;\"><b><span style=\"font-family: Verdana; font-size: small;\">InSPORTline<br \/>\n<img decoding=\"async\" loading=\"lazy\" src=\"http:\/\/www.palaestra.ecn.cz\/stare\/obrazy\/logo-insport.jpg\" alt=\"\" width=\"313\" height=\"59\" border=\"0\" \/><\/span><\/b><\/span><\/li>\n<\/ul>\n<p><span style=\"color: #000000;\"><span style=\"font-family: Verdana;\"><b>20<\/b><\/span><b><span style=\"font-family: Verdana;\">10<\/span><\/b><\/span><\/p>\n<ul>\n<li><span style=\"color: #000000;\"><b><span style=\"font-family: Verdana; font-size: small;\">Pra\u017esk\u00e1 plyn\u00e1rensk\u00e1, a. s.<\/span><\/b><\/span><br \/>\n<span style=\"color: #000000;\"> <a href=\"http:\/\/www.ppas.cz\/\" target=\"_blank\" rel=\"noopener\"><span style=\"color: #000000;\"> <img decoding=\"async\" src=\"http:\/\/www.palaestra.ecn.cz\/stare\/obrazy\/plynarenska-logo.jpg\" alt=\"\" border=\"0\" \/><\/span><\/a><\/span><\/li>\n<\/ul>\n<ul>\n<li><span style=\"color: #000000;\"><b><span style=\"font-family: Verdana; font-size: small;\">M\u0160MT<\/span><\/b><\/span><\/li>\n<li><span style=\"color: #000000; font-family: Verdana; font-size: small;\"><b>M\u011bstsk\u00e1 \u010d\u00e1st Prahy 2<\/b><\/span><\/li>\n<li><span style=\"color: #000000;\"><b><span style=\"font-family: Verdana; font-size: small;\">Magistr\u00e1t hlavn\u00edho m\u011bsta Prahy<\/span><\/b><\/span><\/li>\n<li><span style=\"color: #000000;\"><b><span style=\"font-family: Verdana; font-size: small;\">Hestia, ob\u010dansk\u00e9 sdru\u017een\u00ed<\/span><\/b><\/span><\/li>\n<\/ul>\n<p><span style=\"color: #000000; font-family: Verdana;\"><b>2009<\/b><\/span><\/p>\n<ul>\n<li><span style=\"color: #000000;\"><b><span style=\"font-family: Verdana; font-size: small;\">Pra\u017esk\u00e1 energetika, a. s.<\/span><\/b><\/span><br \/>\n<span style=\"color: #000000;\"> <a href=\"http:\/\/www.pre.cz\/\" target=\"_blank\" rel=\"noopener\"><span style=\"color: #000000;\"> <img decoding=\"async\" loading=\"lazy\" src=\"http:\/\/www.palaestra.ecn.cz\/stare\/obrazy\/pre-logo.jpg\" alt=\"\" width=\"100\" height=\"55\" border=\"0\" \/><\/span><\/a><\/span><\/li>\n<li><span style=\"color: #000000;\"><b><span style=\"font-family: Verdana; font-size: small;\">Pra\u017esk\u00e1 plyn\u00e1rensk\u00e1, a. s.<\/span><\/b><\/span><br \/>\n<span style=\"color: #000000;\"> <a href=\"http:\/\/www.ppas.cz\/\" target=\"_blank\" rel=\"noopener\"><span style=\"color: #000000;\"> <img decoding=\"async\" src=\"http:\/\/www.palaestra.ecn.cz\/stare\/obrazy\/plynarenska-logo.jpg\" alt=\"\" border=\"0\" \/><\/span><\/a><\/span><\/li>\n<\/ul>\n<ul>\n<li><span style=\"color: #000000;\"><b><span style=\"font-family: Verdana; font-size: small;\">M\u0160MT<\/span><\/b><\/span><\/li>\n<li><span style=\"color: #000000; font-family: Verdana; font-size: small;\"><b>M\u011bstsk\u00e1 \u010d\u00e1st Prahy 2<\/b><\/span><\/li>\n<li><span style=\"color: #000000;\"><b><span style=\"font-family: Verdana; font-size: small;\">Magistr\u00e1t hlavn\u00edho m\u011bsta Prahy<\/span><\/b><\/span><\/li>\n<li><span style=\"color: #000000;\"><b><span style=\"font-family: Verdana; font-size: small;\">Hestia, ob\u010dansk\u00e9 sdru\u017een\u00ed<\/span><\/b><\/span><\/li>\n<\/ul>\n<p><span style=\"color: #000000; font-family: Verdana;\"><b>2008<\/b><\/span><\/p>\n<ul>\n<li><span style=\"color: #000000; font-family: Verdana; font-size: small;\"><b>M\u011bstsk\u00e1 \u010d\u00e1st Prahy 2<\/b><\/span><\/li>\n<li><span style=\"color: #000000;\"><b><span style=\"font-family: Verdana; font-size: small;\">M\u0160MT<\/span><\/b><\/span><\/li>\n<li><span style=\"color: #000000;\"><b><span style=\"font-family: Verdana; font-size: small;\">Pra\u017esk\u00e1 plyn\u00e1rensk\u00e1, a. s.<\/span><\/b><\/span><br \/>\n<span style=\"color: #000000;\"> <a href=\"http:\/\/www.ppas.cz\/\" target=\"_blank\" rel=\"noopener\"><span style=\"color: #000000;\"> <img decoding=\"async\" src=\"http:\/\/www.palaestra.ecn.cz\/stare\/obrazy\/plynarenska-logo.jpg\" alt=\"\" border=\"0\" \/><\/span><\/a><\/span><\/li>\n<\/ul>\n<p><span style=\"color: #000000; font-family: Verdana;\"><b>2007<\/b><\/span><\/p>\n<ul>\n<li><span style=\"color: #000000; font-family: Verdana; font-size: small;\"><b>M\u011bstsk\u00e1 \u010d\u00e1st Prahy 2<\/b><\/span><\/li>\n<li><span style=\"color: #000000; font-family: Verdana; font-size: small;\"><b>SOLVENT s.r.o.<\/b><\/span><\/li>\n<li><span style=\"color: #000000;\"><b><span style=\"font-family: Verdana; font-size: small;\">MPSV<\/span><\/b><\/span><\/li>\n<\/ul>\n<p><span style=\"color: #000000; font-family: Verdana;\"><b>2006<\/b><\/span><\/p>\n<ul>\n<li><span style=\"color: #000000; font-family: Verdana; font-size: small;\"><b>M\u011bstsk\u00e1 \u010d\u00e1st Prahy 2<\/b><\/span><\/li>\n<li><span style=\"color: #000000;\"><b><span style=\"font-family: Verdana; font-size: small;\">M\u0160MT<\/span><\/b><\/span><\/li>\n<li><span style=\"color: #000000; font-family: Verdana; font-size: small;\"><b>SOLVENT s.r.o.<\/b><\/span><\/li>\n<li><span style=\"color: #000000; font-family: Verdana; font-size: small;\"><b>BIOCEN s.r.o.<\/b><\/span><\/li>\n<li><span style=\"color: #000000;\"><b><span style=\"font-family: Verdana; font-size: small;\">MPSV<\/span><\/b><\/span><\/li>\n<\/ul>\n<p><span style=\"color: #000000; font-family: Verdana;\"><b>2005<\/b><\/span><\/p>\n<ul>\n<li><span style=\"color: #000000; font-family: Verdana; font-size: small;\"><b>M\u011bstsk\u00e1 \u010d\u00e1st Prahy 2<\/b><\/span><\/li>\n<li><span style=\"color: #000000;\"><b><span style=\"font-family: Verdana; font-size: small;\">M\u0160MT<\/span><\/b><\/span><\/li>\n<li><span style=\"color: #000000;\"><b><span style=\"font-family: Verdana; font-size: small;\">MHMP<\/span><\/b><\/span><\/li>\n<li><span style=\"color: #000000; font-family: Verdana; font-size: small;\"><b>SOLVENT s.r.o.<\/b><\/span><\/li>\n<li><span style=\"color: #000000;\"><b><span style=\"font-family: Verdana; font-size: small;\">MPSV<\/span><\/b><\/span><\/li>\n<\/ul>\n<p><span style=\"color: #000000; font-family: Verdana;\"><b>2004<\/b><\/span><\/p>\n<ul>\n<li><span style=\"color: #000000; font-family: Verdana; font-size: small;\"><b>M\u011bstsk\u00e1 \u010d\u00e1st Prahy 2<\/b><\/span><\/li>\n<li><span style=\"color: #000000;\"><b><span style=\"font-family: Verdana; font-size: small;\">M\u0160MT<\/span><\/b><\/span><\/li>\n<li><span style=\"color: #000000;\"><b><span style=\"font-family: Verdana; font-size: small;\">MV \u010cR<\/span><\/b><\/span><\/li>\n<li><span style=\"color: #000000;\"><b><span style=\"font-family: Verdana; font-size: small;\">MHMP<\/span><\/b><\/span><\/li>\n<\/ul>\n<p><span style=\"color: #000000; font-family: Verdana;\"><b>2003<\/b><\/span><\/p>\n<ul>\n<li><span style=\"color: #000000; font-family: Verdana; font-size: small;\"><b>M\u011bstsk\u00e1 \u010d\u00e1st Prahy 2<\/b><\/span><\/li>\n<li><span style=\"color: #000000;\"><b><span style=\"font-family: Verdana; font-size: small;\">M\u0160MT<\/span><\/b><\/span><\/li>\n<\/ul>\n<p><span style=\"color: #000000; font-family: Verdana;\"><b>2002<\/b><\/span><\/p>\n<ul>\n<li><span style=\"color: #000000; font-family: Verdana; font-size: small;\"><b>M\u011bstsk\u00e1 \u010d\u00e1st Prahy 2<\/b><\/span><\/li>\n<li><span style=\"color: #000000;\"><b><span style=\"font-family: Verdana; font-size: small;\">M\u0160MT<\/span><\/b><\/span><\/li>\n<\/ul>\n<p><span style=\"color: #000000; font-family: Verdana;\"><b>2001<\/b><\/span><\/p>\n<ul>\n<li><span style=\"color: #000000; font-family: Verdana; font-size: small;\"><b>M\u011bstsk\u00e1 \u010d\u00e1st Prahy 2<br \/>\n<\/b>zast\u0159e\u0161ila samotn\u00fd rozjezd organizace, poskytla prostory k pron\u00e1jmu i prost\u0159edky v r\u00e1mci programu Prevence kriminality.<\/span><\/li>\n<li><span style=\"color: #000000; font-family: Verdana; font-size: small;\"><b>NROS<\/b><\/span><\/li>\n<\/ul>\n<p><span style=\"color: #000000; font-family: Verdana;\"><b>2000<\/b><\/span><\/p>\n<ul>\n<li><span style=\"color: #000000; font-family: Verdana; font-size: small;\"><b>Nadace Open Society Fund Praha<\/b><br \/>\npodpo\u0159ila po\u010d\u00e1te\u010dn\u00ed rozjezd \u010dinnosti sdru\u017een\u00ed a hradila letn\u00ed soust\u0159ed\u011bn\u00ed v r. 2000. <\/span><\/li>\n<li><span style=\"color: #000000; font-family: Verdana; font-size: small;\"><b>NROS<\/b><\/span><\/li>\n<li><span style=\"color: #000000; font-family: Verdana; font-size: small;\"><b>Fond Kanady &#8211; Canada Fund<\/b><br \/>\nuhradil boxersk\u00fd ring a dovybaven\u00ed t\u011blocvi\u010dny<\/span><\/li>\n<\/ul>\n","protected":false},"excerpt":{"rendered":"<p>2025 Jerico (https:\/\/jerico.cz\/) M\u011bstsk\u00e1 \u010d\u00e1st Praha 2 M\u0160MT MHMP 2024 Jerico (https:\/\/jerico.cz\/) M\u011bstsk\u00e1 \u010d\u00e1st Praha 2 M\u0160MT MHMP 2023 M\u011bstsk\u00e1 \u010d\u00e1st Praha 2 2022 Pra\u017esk\u00e1 energetika, a. s. M\u010c Praha 2 Ministerstvo \u0161kolstv\u00ed a ml\u00e1de\u017ee 2021 Ministerstvo \u0161kolstv\u00ed, ml\u00e1de\u017ee a t\u011blov\u00fdchovy \u010cR M\u011bstsk\u00e1 \u010d\u00e1st Praha 2 Insportline 2020 Ministerstvo \u0161kolstv\u00ed, ml\u00e1de\u017ee a t\u011blov\u00fdchovy \u010cR M\u011bstsk\u00e1 [&hellip;]<\/p>\n","protected":false},"author":1,"featured_media":0,"parent":0,"menu_order":6,"comment_status":"open","ping_status":"open","template":"page-templates\/full-width.php","meta":{"footnotes":""},"_links":{"self":[{"href":"https:\/\/palaestra.ecn.cz\/index.php?rest_route=\/wp\/v2\/pages\/70"}],"collection":[{"href":"https:\/\/palaestra.ecn.cz\/index.php?rest_route=\/wp\/v2\/pages"}],"about":[{"href":"https:\/\/palaestra.ecn.cz\/index.php?rest_route=\/wp\/v2\/types\/page"}],"author":[{"embeddable":true,"href":"https:\/\/palaestra.ecn.cz\/index.php?rest_route=\/wp\/v2\/users\/1"}],"replies":[{"embeddable":true,"href":"https:\/\/palaestra.ecn.cz\/index.php?rest_route=%2Fwp%2Fv2%2Fcomments&post=70"}],"version-history":[{"count":21,"href":"https:\/\/palaestra.ecn.cz\/index.php?rest_route=\/wp\/v2\/pages\/70\/revisions"}],"predecessor-version":[{"id":834,"href":"https:\/\/palaestra.ecn.cz\/index.php?rest_route=\/wp\/v2\/pages\/70\/revisions\/834"}],"wp:attachment":[{"href":"https:\/\/palaestra.ecn.cz\/index.php?rest_route=%2Fwp%2Fv2%2Fmedia&parent=70"}],"curies":[{"name":"wp","href":"https:\/\/api.w.org\/{rel}","templated":true}]}}