{"id":60,"date":"2013-05-22T21:14:02","date_gmt":"2013-05-22T21:14:02","guid":{"rendered":"http:\/\/palaestra.mimochodem.info\/?page_id=60"},"modified":"2019-01-15T21:28:57","modified_gmt":"2019-01-15T20:28:57","slug":"o-nas","status":"publish","type":"page","link":"https:\/\/palaestra.ecn.cz\/?page_id=60","title":{"rendered":"O n\u00e1s"},"content":{"rendered":"<p><span style=\"color: #000000; font-family: Verdana; font-size: small;\"><b> PALAESTRA<\/b><br \/>\n<b><i>Spolek pro mimo\u0161koln\u00ed sportovn\u00ed aktivity<\/i><\/b><\/span><\/p>\n<p><span style=\"color: #000000; font-family: Verdana; font-size: small;\">Palestra je spolek zalo\u017een\u00fd roku 1999 z iniciativy boxera Jana Baloga, juniorsk\u00e9ho mistra republiky z roku 1985. Palaestra latinsky znamen\u00e1 cvi\u010di\u0161t\u011b nebo tak\u00e9 boji\u0161t\u011b, jednodu\u0161e prostor, na kter\u00e9m se odehr\u00e1v\u00e1 z\u00e1pas, podle p\u0159edem jasn\u011b dan\u00fdch pravidel. Hlavn\u00ed n\u00e1pln\u00ed sportovn\u00edho klubu je umo\u017enit smyslupln\u00e9 tr\u00e1ven\u00ed \u010dasu d\u011btem ze soci\u00e1ln\u011b slab\u00fdch rodin, kter\u00e9 by si nemohly dovolit platit sv\u00fdm d\u011btem \u017e\u00e1dnou z\u00e1jmovou \u010dinnost. <\/span><\/p>\n<p><span style=\"color: #000000; font-family: Verdana; font-size: small;\"><b>\u010cT\u011aTE TAK\u00c9<\/b><br \/>\n<a href=\"http:\/\/palaestra.ecn.cz\/?page_id=66\"><span style=\"color: #000000;\">&#8211; Jak funguje na\u0161e organizace<\/span><\/a><\/span><\/p>\n<p><span style=\"color: #000000; font-family: Verdana; font-size: small;\">V klubu Palaestra m\u016f\u017ee tr\u00e9novat ka\u017ed\u00fd, nez\u00e1le\u017e\u00ed na p\u0159edchoz\u00edch zku\u0161enostech, rodinn\u00e9m z\u00e1zem\u00ed, ani barv\u011b pleti. Za tr\u00e9ninky se neplat\u00ed a d\u011bti se mohou zapojit do \u010dinnosti klubu kdykoli b\u011bhem roku, fungujeme tak na principu n\u00edzkoprahov\u00e9ho centra. Plat\u00ed tu jedna pravidla pro v\u0161echny, a doch\u00e1z\u00ed proto k p\u0159ekon\u00e1v\u00e1n\u00ed bari\u00e9r, se kter\u00fdmi se d\u011bti v na\u0161\u00ed spole\u010dnosti pot\u00fdkaj\u00ed dnes a denn\u011b. <\/span><\/p>\n<p><span style=\"color: #000000; font-family: Verdana; font-size: small;\">Za dosavadn\u00ed fungov\u00e1n\u00ed klubu se uk\u00e1zalo, \u017ee pr\u00e1v\u011b box je dob\u0159e zvolenou discipl\u00ednou pro v\u0161t\u011bpov\u00e1n\u00ed vlastnost\u00ed, kter\u00e9 d\u011btem ze soci\u00e1ln\u011b slab\u00fdch rodin chyb\u00ed. Chce-li z\u00e1pasn\u00edk usp\u011bt, mus\u00ed zapomenout na oby\u010dejnou rva\u010dku. Jan Balog se sna\u017e\u00ed sv\u00fdm \u017e\u00e1k\u016fm p\u0159edat to, co s\u00e1m od sv\u00fdch tren\u00e9r\u016f z\u00edskal: sebekontrolu, pocit rovnocennosti, c\u00edlev\u011bdomost, smysl pro fair play, vytrvalost a odvahu vystupovat s\u00e1m za sebe. Jde o vlastnosti, kter\u00e9 budou d\u011bti, kter\u00e9 dnes tr\u00e9nuj\u00ed v na\u0161em sportovn\u00edm klubu, pot\u0159ebovat a\u017e se budou stav\u011bt na vlastn\u00ed nohy, hledat si zam\u011bstn\u00e1n\u00ed, zkr\u00e1tka po cel\u00fd sv\u016fj \u017eivot. <\/span><\/p>\n<p><span style=\"color: #000000; font-family: Verdana; font-size: small;\">Palaestra je pro n\u011bkter\u00e9 z d\u011bt\u00ed jedinou alternativou k bezc\u00edln\u00e9mu bloum\u00e1n\u00ed na ulici. Nach\u00e1zej\u00ed v n\u00ed kamar\u00e1dy, se kter\u00fdmi je poj\u00ed pocit soun\u00e1le\u017eitosti k jednomu klubu, ale i prostor k \u0159e\u0161en\u00ed trampot, kter\u00fdm se tren\u00e9r Jan Balog sna\u017e\u00ed naslouchat. &#8222;Klub je pro mnoh\u00e9 kluky posledn\u00ed \u0161ance, kdy\u017e zklame rodina i \u0161kola.&#8220;, \u0159\u00edk\u00e1 tren\u00e9r Jan Balog. <\/span><\/p>\n<p><span style=\"color: #000000; font-family: Verdana; font-size: small;\">Spolek Palaestra vyu\u017e\u00edv\u00e1 pr\u00e1ce dobrovoln\u00edk\u016f, navazuje spolupr\u00e1ci s jin\u00fdmi pra\u017esk\u00fdmi neziskov\u00fdmi subjekty a pracuje na roz\u0161\u00ed\u0159en\u00ed aktivit pro d\u011bti, soust\u0159ed\u011bn\u00e9 v klubu. <\/span><\/p>\n<p><span style=\"color: #000000;\"><b><span style=\"font-family: Verdana; font-size: small;\">Na\u0161i tren\u00e9\u0159i boxu:<\/span><\/b><\/span><\/p>\n<p><span style=\"color: #000000; font-family: Verdana; font-size: small;\"><b> <a href=\"http:\/\/palaestra.ecn.cz\/stare\/obrazy\/foto\/2012\/treneri-palaestra.jpg\" target=\"_blank\"><span style=\"color: #000000;\"> <img decoding=\"async\" alt=\"\" src=\"http:\/\/palaestra.ecn.cz\/stare\/obrazy\/foto\/2012\/treneri-palaestra-sm.jpg\" align=\"right\" border=\"1\" \/><\/span><\/a>Jan Balog<\/b> &#8211; s boxem za\u010d\u00ednal v Lokomotiv\u011b Ko\u0161ice pod veden\u00edm tren\u00e9r\u016f &#8211; pana Hor\u0148\u00e1ka, Gajdo\u0161e a Ki\u0161e. Po p\u0159est\u011bhov\u00e1n\u00ed do Prahy p\u016fsobil v TJ Praga Praha pod veden\u00edm tren\u00e9r\u016f &#8211; pana Obida a Mal\u00edka. M\u00e1 odboxovan\u00fdch 109 utk\u00e1n\u00ed z toho 83 v\u00edt\u011bzn\u00fdch. Stal se Mistrem \u010cSSR a byl n\u011bkolikan\u00e1sobn\u00fdm finalista a semifinalista v dal\u0161\u00edch letech. Jako junior reprezentoval \u010cSSR. Je tren\u00e9r 2. n\u00e1rodn\u00ed t\u0159\u00eddy, dr\u017eitel sv\u011btov\u00e9 tren\u00e9rsk\u00e9 licence One star.<br \/>\nD\u00e1le je dlouholet\u00fdm \u010dlenem Rady vl\u00e1dy pro z\u00e1le\u017eitosti romsk\u00e9 men\u0161iny. D\u00e1le je \u010dlenem poradn\u00edho sboru krajsk\u00e9ho romsk\u00e9ho koordin\u00e1tora na Magistr\u00e1tu hl. m. Prahy. <\/span><\/p>\n<p><span style=\"color: #000000;\"><strong>Michal Kr\u00e1sa<\/strong><\/span><\/p>\n<p><span style=\"color: #000000;\"><strong>Vojt\u011bch Adamec<\/strong><\/span><\/p>\n<p><span style=\"color: #000000;\"><strong>Eva Krtkov\u00e1\u00a0<\/strong>&#8211; s boxem za\u010dala v r\u00e1mci studi\u00ed na univerzit\u011b ve Wageningen v Holandsku v m\u00edstn\u00edm vysoko\u0161kolsk\u00e9m spotovn\u00edm klubu. Po n\u00e1vratu do \u010cR na\u0161la sv\u00e9 boxersk\u00e9 z\u00e1zem\u00ed v Palaest\u0159e, kde nyn\u00ed p\u016fsob\u00ed i jako tren\u00e9rka. Je dr\u017eitelkou tren\u00e9rsk\u00e9 licence 3. t\u0159\u00eddy.<br \/>\n<\/span><\/p>\n<p><span style=\"color: #000000;\"><strong>Petr Asim\u00a0<\/strong>&#8211; M\u00e1 odboxov\u00e1no 60 z\u00e1pas\u016f, je mistr \u010cR a v\u00edt\u011bz n\u011bkolika mezin\u00e1rodn\u00edch turnaj\u016f v kategorii kadet\u016f a junior\u016f. Je dr\u017eitelem tren\u00e9rsk\u00e9 licence 3. t\u0159\u00eddy.<br \/>\n<\/span><\/p>\n","protected":false},"excerpt":{"rendered":"<p>PALAESTRA Spolek pro mimo\u0161koln\u00ed sportovn\u00ed aktivity Palestra je spolek zalo\u017een\u00fd roku 1999 z iniciativy boxera Jana Baloga, juniorsk\u00e9ho mistra republiky z roku 1985. Palaestra latinsky znamen\u00e1 cvi\u010di\u0161t\u011b nebo tak\u00e9 boji\u0161t\u011b, jednodu\u0161e prostor, na kter\u00e9m se odehr\u00e1v\u00e1 z\u00e1pas, podle p\u0159edem jasn\u011b dan\u00fdch pravidel. Hlavn\u00ed n\u00e1pln\u00ed sportovn\u00edho klubu je umo\u017enit smyslupln\u00e9 tr\u00e1ven\u00ed \u010dasu d\u011btem ze soci\u00e1ln\u011b slab\u00fdch [&hellip;]<\/p>\n","protected":false},"author":1,"featured_media":0,"parent":0,"menu_order":1,"comment_status":"open","ping_status":"open","template":"page-templates\/full-width.php","meta":{"footnotes":""},"_links":{"self":[{"href":"https:\/\/palaestra.ecn.cz\/index.php?rest_route=\/wp\/v2\/pages\/60"}],"collection":[{"href":"https:\/\/palaestra.ecn.cz\/index.php?rest_route=\/wp\/v2\/pages"}],"about":[{"href":"https:\/\/palaestra.ecn.cz\/index.php?rest_route=\/wp\/v2\/types\/page"}],"author":[{"embeddable":true,"href":"https:\/\/palaestra.ecn.cz\/index.php?rest_route=\/wp\/v2\/users\/1"}],"replies":[{"embeddable":true,"href":"https:\/\/palaestra.ecn.cz\/index.php?rest_route=%2Fwp%2Fv2%2Fcomments&post=60"}],"version-history":[{"count":11,"href":"https:\/\/palaestra.ecn.cz\/index.php?rest_route=\/wp\/v2\/pages\/60\/revisions"}],"predecessor-version":[{"id":723,"href":"https:\/\/palaestra.ecn.cz\/index.php?rest_route=\/wp\/v2\/pages\/60\/revisions\/723"}],"wp:attachment":[{"href":"https:\/\/palaestra.ecn.cz\/index.php?rest_route=%2Fwp%2Fv2%2Fmedia&parent=60"}],"curies":[{"name":"wp","href":"https:\/\/api.w.org\/{rel}","templated":true}]}}