{"id":78,"date":"2013-05-23T10:00:03","date_gmt":"2013-05-23T10:00:03","guid":{"rendered":"http:\/\/palaestra.mimochodem.info\/?page_id=78"},"modified":"2016-02-21T17:37:13","modified_gmt":"2016-02-21T16:37:13","slug":"homepage","status":"publish","type":"page","link":"http:\/\/palaestra.ecn.cz\/","title":{"rendered":"V\u00edtejte na str\u00e1nk\u00e1ch Box Clubu Palaestra!"},"content":{"rendered":"<p style=\"text-align: justify;\"><span style=\"color: #888888;\"><span style=\"color: #888888;\"><img decoding=\"async\" loading=\"lazy\" class=\"size-medium wp-image-75 alignleft\" alt=\"palaestra01_01\" src=\"http:\/\/palaestra.ecn.cz\/wp-content\/uploads\/palaestra01_01-300x58.jpg\" width=\"300\" height=\"58\" srcset=\"http:\/\/palaestra.ecn.cz\/wp-content\/uploads\/palaestra01_01-300x58.jpg 300w, http:\/\/palaestra.ecn.cz\/wp-content\/uploads\/palaestra01_01.jpg 732w\" sizes=\"(max-width: 300px) 100vw, 300px\" \/><\/span><\/span><\/p>\n<p style=\"text-align: justify;\"><span style=\"font-family: Verdana; font-size: small; color: #000000;\">Palestra je spolek zalo\u017een\u00fd roku 1999 z iniciativy boxera Jana Baloga, juniorsk\u00e9ho mistra republiky z roku 1985. Palaestra latinsky znamen\u00e1 cvi\u010di\u0161t\u011b nebo tak\u00e9 boji\u0161t\u011b, jednodu\u0161e prostor, na kter\u00e9m se odehr\u00e1v\u00e1 z\u00e1pas, podle p\u0159edem jasn\u011b dan\u00fdch pravidel. Hlavn\u00ed n\u00e1pln\u00ed sportovn\u00edho klubu je umo\u017enit smyslupln\u00e9 tr\u00e1ven\u00ed \u010dasu d\u011btem ze soci\u00e1ln\u011b slab\u00fdch rodin, kter\u00e9 by si nemohly dovolit platit sv\u00fdm d\u011btem \u017e\u00e1dnou z\u00e1jmovou \u010dinnost. <\/span><\/p>\n<p style=\"text-align: justify;\"><span style=\"color: #000000;\"><span style=\"color: #000000;\"><img decoding=\"async\" loading=\"lazy\" class=\"size-full wp-image-80 alignright\" alt=\"palaestra01_05\" src=\"http:\/\/palaestra.ecn.cz\/wp-content\/uploads\/palaestra01_05.jpg\" width=\"237\" height=\"178\" \/><\/span><\/span><\/p>\n<p style=\"text-align: justify;\"><span style=\"font-family: Verdana; font-size: small; color: #000000;\">V klubu Palaestra m\u016f\u017ee tr\u00e9novat ka\u017ed\u00fd, nez\u00e1le\u017e\u00ed na p\u0159edchoz\u00edch zku\u0161enostech, rodinn\u00e9m z\u00e1zem\u00ed, ani barv\u011b pleti. Za tr\u00e9ninky se neplat\u00ed a d\u011bti se mohou zapojit do \u010dinnosti klubu kdykoli b\u011bhem roku, fungujeme tak na principu n\u00edzkoprahov\u00e9ho centra. Plat\u00ed tu jedna pravidla pro v\u0161echny, a doch\u00e1z\u00ed proto k p\u0159ekon\u00e1v\u00e1n\u00ed bari\u00e9r, se kter\u00fdmi se d\u011bti v na\u0161\u00ed spole\u010dnosti pot\u00fdkaj\u00ed dnes a denn\u011b. <\/span><\/p>\n<p style=\"text-align: justify;\"><span style=\"color: #000000; font-family: Verdana; font-size: small;\">Palaestra je pro n\u011bkter\u00e9 z d\u011bt\u00ed jedinou alternativou k bezc\u00edln\u00e9mu bloum\u00e1n\u00ed na ulici. Nach\u00e1zej\u00ed v n\u00ed kamar\u00e1dy, se kter\u00fdmi je poj\u00ed pocit soun\u00e1le\u017eitosti k jednomu klubu, ale i prostor k \u0159e\u0161en\u00ed trampot, kter\u00fdm se tren\u00e9r Jan Balog sna\u017e\u00ed naslouchat. &#8222;Klub je pro mnoh\u00e9 kluky posledn\u00ed \u0161ance, kdy\u017e zklame rodina i \u0161kola.&#8220;, \u0159\u00edk\u00e1 tren\u00e9r Jan Balog. <\/span><\/p>\n<p style=\"text-align: justify;\"><span style=\"color: #000000; font-family: Verdana; font-size: small;\">Spolek Palaestra vyu\u017e\u00edv\u00e1 pr\u00e1ce dobrovoln\u00edk\u016f, navazuje spolupr\u00e1ci s jin\u00fdmi pra\u017esk\u00fdmi neziskov\u00fdmi subjekty a pracuje na roz\u0161\u00ed\u0159en\u00ed aktivit pro d\u011bti, soust\u0159ed\u011bn\u00e9 v klubu. <\/span><\/p>\n<p>&nbsp;<\/p>\n","protected":false},"excerpt":{"rendered":"<p>Palestra je spolek zalo\u017een\u00fd roku 1999 z iniciativy boxera Jana Baloga, juniorsk\u00e9ho mistra republiky z roku 1985. Palaestra latinsky znamen\u00e1 cvi\u010di\u0161t\u011b nebo tak\u00e9 boji\u0161t\u011b, jednodu\u0161e prostor, na kter\u00e9m se odehr\u00e1v\u00e1 z\u00e1pas, podle p\u0159edem jasn\u011b dan\u00fdch pravidel. Hlavn\u00ed n\u00e1pln\u00ed sportovn\u00edho klubu je umo\u017enit smyslupln\u00e9 tr\u00e1ven\u00ed \u010dasu d\u011btem ze soci\u00e1ln\u011b slab\u00fdch rodin, kter\u00e9 by si nemohly dovolit [&hellip;]<\/p>\n","protected":false},"author":1,"featured_media":0,"parent":0,"menu_order":0,"comment_status":"open","ping_status":"open","template":"page-templates\/front-page.php","meta":{"footnotes":""},"_links":{"self":[{"href":"http:\/\/palaestra.ecn.cz\/index.php?rest_route=\/wp\/v2\/pages\/78"}],"collection":[{"href":"http:\/\/palaestra.ecn.cz\/index.php?rest_route=\/wp\/v2\/pages"}],"about":[{"href":"http:\/\/palaestra.ecn.cz\/index.php?rest_route=\/wp\/v2\/types\/page"}],"author":[{"embeddable":true,"href":"http:\/\/palaestra.ecn.cz\/index.php?rest_route=\/wp\/v2\/users\/1"}],"replies":[{"embeddable":true,"href":"http:\/\/palaestra.ecn.cz\/index.php?rest_route=%2Fwp%2Fv2%2Fcomments&post=78"}],"version-history":[{"count":1,"href":"http:\/\/palaestra.ecn.cz\/index.php?rest_route=\/wp\/v2\/pages\/78\/revisions"}],"predecessor-version":[{"id":582,"href":"http:\/\/palaestra.ecn.cz\/index.php?rest_route=\/wp\/v2\/pages\/78\/revisions\/582"}],"wp:attachment":[{"href":"http:\/\/palaestra.ecn.cz\/index.php?rest_route=%2Fwp%2Fv2%2Fmedia&parent=78"}],"curies":[{"name":"wp","href":"https:\/\/api.w.org\/{rel}","templated":true}]}}