{"id":72,"date":"2013-05-22T21:30:18","date_gmt":"2013-05-22T21:30:18","guid":{"rendered":"http:\/\/palaestra.mimochodem.info\/?page_id=72"},"modified":"2014-05-15T16:32:18","modified_gmt":"2014-05-15T15:32:18","slug":"kontakt","status":"publish","type":"page","link":"http:\/\/palaestra.ecn.cz\/?page_id=72","title":{"rendered":"Kontakt"},"content":{"rendered":"<p><span style=\"color: #000000; font-family: Verdana; font-size: small;\"><b>o.s. Palaestra<\/b><br \/>\nBox\u00e9rna &#8211; n\u00edzkoprahov\u00e9 centrum<br \/>\nTrojanova 7<br \/>\n120 00 Praha 2<\/span><\/p>\n<p><span style=\"color: #000000; font-family: Verdana; font-size: small;\"><b>Otev\u0159eno:<br \/>\n<\/b>Pond\u011bl\u00ed, St\u0159eda 17:30 &#8211; 20:30<br \/>\nP\u00e1tek 18:00 &#8211; 20:00<\/span><\/p>\n<p><span style=\"color: #000000; font-family: Verdana; font-size: small;\"><b>Jan Balog, p\u0159edseda ob\u010dansk\u00e9ho sdru\u017een\u00ed, tren\u00e9r<\/b><br \/>\nTel.: 777 589 222<br \/>\n<a href=\"mailto:jan.balog@seznam.cz\"><span style=\"color: #000000;\">jan.balog@seznam.cz<\/span><\/a> <\/span><\/p>\n<p><span style=\"color: #000000; font-family: Verdana; font-size: small;\"><b>S\u00eddlo organizace<\/b><br \/>\nTrojanova 7<br \/>\n120 00 Praha 2<br \/>\nI\u010cO: 69342636 <\/span><\/p>\n<p><span style=\"color: #000000; font-family: Verdana; font-size: small;\">bankovn\u00ed spojen\u00ed: 27-3535020247\/0100 KB, N\u00e1m.M\u00edru, Praha 2 <\/span><\/p>\n","protected":false},"excerpt":{"rendered":"<p>o.s. Palaestra Box\u00e9rna &#8211; n\u00edzkoprahov\u00e9 centrum Trojanova 7 120 00 Praha 2 Otev\u0159eno: Pond\u011bl\u00ed, St\u0159eda 17:30 &#8211; 20:30 P\u00e1tek 18:00 &#8211; 20:00 Jan Balog, p\u0159edseda ob\u010dansk\u00e9ho sdru\u017een\u00ed, tren\u00e9r Tel.: 777 589 222 jan.balog@seznam.cz S\u00eddlo organizace Trojanova 7 120 00 Praha 2 I\u010cO: 69342636 bankovn\u00ed spojen\u00ed: 27-3535020247\/0100 KB, N\u00e1m.M\u00edru, Praha 2<\/p>\n","protected":false},"author":1,"featured_media":0,"parent":0,"menu_order":7,"comment_status":"open","ping_status":"open","template":"page-templates\/full-width.php","meta":{"footnotes":""},"_links":{"self":[{"href":"http:\/\/palaestra.ecn.cz\/index.php?rest_route=\/wp\/v2\/pages\/72"}],"collection":[{"href":"http:\/\/palaestra.ecn.cz\/index.php?rest_route=\/wp\/v2\/pages"}],"about":[{"href":"http:\/\/palaestra.ecn.cz\/index.php?rest_route=\/wp\/v2\/types\/page"}],"author":[{"embeddable":true,"href":"http:\/\/palaestra.ecn.cz\/index.php?rest_route=\/wp\/v2\/users\/1"}],"replies":[{"embeddable":true,"href":"http:\/\/palaestra.ecn.cz\/index.php?rest_route=%2Fwp%2Fv2%2Fcomments&post=72"}],"version-history":[{"count":2,"href":"http:\/\/palaestra.ecn.cz\/index.php?rest_route=\/wp\/v2\/pages\/72\/revisions"}],"predecessor-version":[{"id":477,"href":"http:\/\/palaestra.ecn.cz\/index.php?rest_route=\/wp\/v2\/pages\/72\/revisions\/477"}],"wp:attachment":[{"href":"http:\/\/palaestra.ecn.cz\/index.php?rest_route=%2Fwp%2Fv2%2Fmedia&parent=72"}],"curies":[{"name":"wp","href":"https:\/\/api.w.org\/{rel}","templated":true}]}}