{"id":66,"date":"2013-05-22T21:27:14","date_gmt":"2013-05-22T21:27:14","guid":{"rendered":"http:\/\/palaestra.mimochodem.info\/?page_id=66"},"modified":"2019-01-15T19:19:46","modified_gmt":"2019-01-15T18:19:46","slug":"jak-fungujeme","status":"publish","type":"page","link":"http:\/\/palaestra.ecn.cz\/?page_id=66","title":{"rendered":"Volno\u010dasov\u00e9 aktivity"},"content":{"rendered":"<p><span style=\"color: #000000; font-family: Verdana; font-size: small;\"><b>Kdo je n\u00e1\u0161 klient?<\/b><br \/>\nD\u00edvka nebo chlapec ve v\u011bku od 8 do 26 let<\/span><\/p>\n<p><span style=\"color: #000000; font-family: Verdana; font-size: small;\"><b>Kdo jsme my?<\/b><br \/>\nN\u00e1\u0161 t\u00fdm se skl\u00e1d\u00e1 z tren\u00e9r\u016f a dobrovoln\u00edk\u016f.<\/span><\/p>\n<p><span style=\"color: #000000; font-family: Verdana; font-size: small;\"><b>P\u0159\u00edjm\u00e1n\u00ed <\/b><br \/>\n1. Na z\u00e1klad\u011b pohovoru s pracovn\u00edkem Palaestra<br \/>\n2. D\u00edt\u011b projev\u00ed vlastn\u00ed z\u00e1jem.<br \/>\n3. Rodi\u010de potvrd\u00ed sv\u016fj souhlas s \u00fa\u010dast\u00ed d\u00edt\u011bte <b> <a href=\"http:\/\/palaestra.ecn.cz\/wp-content\/uploads\/prihlaska.doc\" target=\"_blank\"><span style=\"color: #000000;\">v p\u0159ihl\u00e1\u0161ce p\u00edsemn\u011b<\/span><\/a><\/b>.<br \/>\n4. D\u00edt\u011b i rodi\u010de jsou sezn\u00e1meni s pravidly a podpisem potvrd\u00ed jejich akceptaci. <\/span><\/p>\n<p><span style=\"color: #000000; font-family: Verdana; font-size: small;\"><b>Role rodi\u010d\u016f:<\/b><br \/>\n1. podpora \u0161koln\u00ed doch\u00e1zky a prosp\u011bchu<br \/>\n2. podporuj\u00ed zdravou \u017eivotospr\u00e1vu d\u00edt\u011bte a dohl\u00ed\u017e\u00ed na vy\u0161et\u0159en\u00ed l\u00e9ka\u0159em \u2013 dodr\u017eov\u00e1n\u00ed preventivn\u00edch prohl\u00eddek (1 x ro\u010dn\u011b).<br \/>\n3. zodpov\u011bdnost za pravidelnou doch\u00e1zku do Palaestra (tr\u00e9nink, z\u00e1pasy, soust\u0159ed\u011bn\u00ed). Informace naleznete na n\u00e1st\u011bnce v klubu a m\u016f\u017eete si je ov\u011b\u0159it i telefonicky na 777589222 a nebo (www.palaestra.ecn.cz)<br \/>\n4. finan\u010dn\u00ed spolu\u00fa\u010dast dle mo\u017enost\u00ed rodiny (nen\u00ed povinn\u00e1, forma pen\u011b\u017eit\u00e1 i materi\u00e1ln\u00ed). <\/span><\/p>\n<p><span style=\"color: #000000; font-family: Verdana; font-size: small;\"><b>Role klienta \u2013 d\u00edt\u011bte:<br \/>\n<\/b>1. Dodr\u017eov\u00e1n\u00ed Desatera boxera Palaestry.<br \/>\n2. Doch\u00e1zka na tr\u00e9ninky, z\u00e1pasy, soust\u0159ed\u011bn\u00ed.<br \/>\n3. Db\u00e1 na \u0161koln\u00ed doch\u00e1zku a prosp\u011bch.<br \/>\n4. Dodr\u017euje \u017eivotospr\u00e1vu a pravideln\u011b doch\u00e1z\u00ed na preventivn\u00ed prohl\u00eddky. V\u010das hlas\u00ed p\u0159\u00edpadn\u00e1 nemoci a zran\u011bn\u00ed.<br \/>\n5. V p\u0159\u00edpad\u011b ne\u00fa\u010dasti na tr\u00e9ninku se p\u0159edem omluv\u00ed (osobn\u011b, telefonicky nebo po\u0161le sms).<br \/>\n6. Neu\u017e\u00edv\u00e1 alkohol ani drogy.<br \/>\n7. Klient m\u00e1 mo\u017enost nav\u0161t\u011bvovat kurzy po\u010d\u00edta\u010dov\u00e9 gramotnosti (ka\u017ed\u00e9 \u00fater\u00fd nebo individu\u00e1ln\u011b).<br \/>\n8. Klient m\u00e1 mo\u017enost dou\u010dov\u00e1n\u00ed zde nebo ve spolupr\u00e1ci s dal\u0161\u00edmi neziskov\u00fdmi organizacemi (dle domluvy individu\u00e1ln\u00ed formou). <\/span><\/p>\n<p><span style=\"color: #000000; font-family: Verdana; font-size: small;\"><b>Role Palaestra:<br \/>\n<\/b>1. Zaji\u0161t\u011bn\u00ed oragnizace a fungov\u00e1n\u00ed tr\u00e9nink\u016f, z\u00e1pas\u016f a soust\u0159ed\u011bn\u00ed<br \/>\n2. Zaji\u0161t\u011bn\u00ed kurz\u016f po\u010d\u00edta\u010dov\u00e9 gramotnosti (ka\u017ed\u00e9 \u00fater\u00fd nebo individu\u00e1ln\u011b).<br \/>\n3. Zaji\u0161t\u011bn\u00ed dou\u010dov\u00e1n\u00ed zde nebo ve spolupr\u00e1ci s dal\u0161\u00edmi neziskov\u00fdmi organizacemi (dle domluvy individu\u00e1ln\u00ed formou).<br \/>\n4. Zprost\u0159edkov\u00e1n\u00ed podpory a pomoci i v dal\u0161\u00edch oblastech pro d\u011bti i rodi\u010de. <\/span><\/p>\n<p><span style=\"color: #000000; font-family: Verdana; font-size: small;\"><b>Vylu\u010dov\u00e1n\u00ed<br \/>\n<\/b>1. P\u0159i opakovan\u00e9 a neomluven\u00e9 ne\u00fa\u010dasti na tr\u00e9ninku (po dobu 7 dn\u00ed).<br \/>\n2. Dlouhodob\u00e1 nek\u00e1ze\u0148 a nepln\u011bn\u00ed si povinnost\u00ed.<br \/>\n3. \u0160ikana.<br \/>\n4. Probl\u00e9my se z\u00e1konem.<br \/>\n5. U\u017e\u00edv\u00e1n\u00ed alkoholu a drog.<br \/>\n6. Zneu\u017e\u00edv\u00e1n\u00ed boxersk\u00fdch dovednost\u00ed (n\u00e1sil\u00ed).<\/span><\/p>\n","protected":false},"excerpt":{"rendered":"<p>Kdo je n\u00e1\u0161 klient? D\u00edvka nebo chlapec ve v\u011bku od 8 do 26 let Kdo jsme my? N\u00e1\u0161 t\u00fdm se skl\u00e1d\u00e1 z tren\u00e9r\u016f a dobrovoln\u00edk\u016f. P\u0159\u00edjm\u00e1n\u00ed 1. Na z\u00e1klad\u011b pohovoru s pracovn\u00edkem Palaestra 2. D\u00edt\u011b projev\u00ed vlastn\u00ed z\u00e1jem. 3. Rodi\u010de potvrd\u00ed sv\u016fj souhlas s \u00fa\u010dast\u00ed d\u00edt\u011bte v p\u0159ihl\u00e1\u0161ce p\u00edsemn\u011b. 4. D\u00edt\u011b i rodi\u010de jsou sezn\u00e1meni [&hellip;]<\/p>\n","protected":false},"author":1,"featured_media":0,"parent":0,"menu_order":4,"comment_status":"open","ping_status":"open","template":"page-templates\/full-width.php","meta":{"footnotes":""},"_links":{"self":[{"href":"http:\/\/palaestra.ecn.cz\/index.php?rest_route=\/wp\/v2\/pages\/66"}],"collection":[{"href":"http:\/\/palaestra.ecn.cz\/index.php?rest_route=\/wp\/v2\/pages"}],"about":[{"href":"http:\/\/palaestra.ecn.cz\/index.php?rest_route=\/wp\/v2\/types\/page"}],"author":[{"embeddable":true,"href":"http:\/\/palaestra.ecn.cz\/index.php?rest_route=\/wp\/v2\/users\/1"}],"replies":[{"embeddable":true,"href":"http:\/\/palaestra.ecn.cz\/index.php?rest_route=%2Fwp%2Fv2%2Fcomments&post=66"}],"version-history":[{"count":5,"href":"http:\/\/palaestra.ecn.cz\/index.php?rest_route=\/wp\/v2\/pages\/66\/revisions"}],"predecessor-version":[{"id":722,"href":"http:\/\/palaestra.ecn.cz\/index.php?rest_route=\/wp\/v2\/pages\/66\/revisions\/722"}],"wp:attachment":[{"href":"http:\/\/palaestra.ecn.cz\/index.php?rest_route=%2Fwp%2Fv2%2Fmedia&parent=66"}],"curies":[{"name":"wp","href":"https:\/\/api.w.org\/{rel}","templated":true}]}}